{"id":457,"date":"2015-11-17T16:21:51","date_gmt":"2015-11-17T15:21:51","guid":{"rendered":"https:\/\/wp.kommunikation-mv.de\/?page_id=457"},"modified":"2017-05-27T18:23:46","modified_gmt":"2017-05-27T16:23:46","slug":"downloads","status":"publish","type":"page","link":"https:\/\/kommunikation-mv.de\/?page_id=457","title":{"rendered":"Downloads 2. UK Tag 2015"},"content":{"rendered":"<p><span style=\"color: #3366ff; font-family: arial,helvetica,sans-serif; font-size: 12pt; text-decoration: underline;\"><a href=\"https:\/\/wp.kommunikation-mv.de\/wp-content\/uploads\/2015\/11\/17.10.15-Hallbauer-1.pdf\"><span style=\"color: #3366ff; text-decoration: underline;\">17.10.15 Hallbauer 1<\/span><\/a><\/span><\/p>\n<p><span style=\"color: #3366ff; font-family: arial,helvetica,sans-serif; font-size: 12pt; text-decoration: underline;\"><a href=\"https:\/\/wp.kommunikation-mv.de\/wp-content\/uploads\/2015\/11\/17.10.15-Hallbauer-2.pdf\"><span style=\"color: #3366ff; text-decoration: underline;\">17.10.15 Hallbauer 2<\/span><\/a><\/span><\/p>\n<p><span style=\"font-family: arial,helvetica,sans-serif; font-size: 12pt; text-decoration: underline;\"><span style=\"color: #3366ff; text-decoration: underline;\"><a href=\"https:\/\/wp.kommunikation-mv.de\/wp-content\/uploads\/2015\/11\/17.10.15-Hallbauer-3.pdf\"><span style=\"color: #3366ff; text-decoration: underline;\">17.10.15 <\/span><\/a><\/span><\/span><span style=\"font-family: arial,helvetica,sans-serif; font-size: 12pt; text-decoration: underline;\"><span style=\"color: #3366ff; text-decoration: underline;\"><a href=\"https:\/\/wp.kommunikation-mv.de\/wp-content\/uploads\/2015\/11\/17.10.15-Hallbauer-3.pdf\"><span style=\"color: #3366ff; text-decoration: underline;\">Hallbauer 3<\/span><\/a><\/span><\/span><\/p>\n<p><span style=\"font-family: arial,helvetica,sans-serif; font-size: 12pt; text-decoration: underline;\"><span style=\"color: #3366ff; text-decoration: underline;\"><a href=\"https:\/\/wp.kommunikation-mv.de\/wp-content\/uploads\/2015\/11\/Erfahrungsbericht-der-Schule-am-Amselsteg.pdf\"><span style=\"color: #3366ff; text-decoration: underline;\">Erfahrungsbericht der Schule am Amselsteg<\/span><\/a><\/span><\/span> <span style=\"font-family: arial,helvetica,sans-serif; font-size: 12pt; text-decoration: underline;\"><span style=\"color: #3366ff; text-decoration: underline;\"><a href=\"https:\/\/wp.kommunikation-mv.de\/wp-content\/uploads\/2015\/11\/Sprechen-lernen-elektronisch.pdf\"><span style=\"color: #3366ff; text-decoration: underline;\">Sprechen <\/span><\/a><\/span><\/span><\/p>\n<p><span style=\"font-family: arial,helvetica,sans-serif; font-size: 12pt; text-decoration: underline;\"><span style=\"color: #3366ff; text-decoration: underline;\"><a href=\"https:\/\/wp.kommunikation-mv.de\/wp-content\/uploads\/2015\/11\/Sprechen-lernen-elektronisch.pdf\"><span style=\"color: #3366ff; text-decoration: underline;\">lernen &#8211; elektronisch<\/span><\/a><\/span><\/span> <span style=\"font-family: arial,helvetica,sans-serif; font-size: 12pt; text-decoration: underline;\"><span style=\"color: #3366ff; text-decoration: underline;\"><a href=\"https:\/\/wp.kommunikation-mv.de\/wp-content\/uploads\/2015\/11\/Vom-unterst\u00fctzt-Kommunizieren-zum-unterst\u00fctzt-schreiben.pdf\"><span style=\"color: #3366ff; text-decoration: underline;\">Vom unterst\u00fctzt Kommunizieren zum unterst\u00fctzt <\/span><\/a><\/span><\/span><\/p>\n<p><span style=\"font-family: arial,helvetica,sans-serif; font-size: 12pt; text-decoration: underline;\"><span style=\"color: #3366ff; text-decoration: underline;\"><a href=\"https:\/\/wp.kommunikation-mv.de\/wp-content\/uploads\/2015\/11\/Vom-unterst\u00fctzt-Kommunizieren-zum-unterst\u00fctzt-schreiben.pdf\"><span style=\"color: #3366ff; text-decoration: underline;\">schreiben<\/span><\/a><\/span><\/span> <span style=\"font-family: arial,helvetica,sans-serif; font-size: 12pt; text-decoration: underline;\"><span style=\"color: #3366ff; text-decoration: underline;\"><a href=\"https:\/\/wp.kommunikation-mv.de\/wp-content\/uploads\/2015\/11\/PECS.pdf\"><span style=\"color: #3366ff; text-decoration: underline;\">PECS<\/span><\/a><\/span><\/span><\/p>\n<p><span style=\"color: #3366ff; font-family: arial,helvetica,sans-serif;\"><a style=\"color: #3366ff;\" href=\"https:\/\/wp.kommunikation-mv.de\/wp-content\/uploads\/2015\/11\/Flyer1.pdf\"><span style=\"font-size: 12pt;\"><span style=\"color: #3366ff;\">Flyer 2. UK Tag au\u00dfen<\/span> <\/span><\/a><\/span><\/p>\n<p><span style=\"color: #3366ff; font-family: arial,helvetica,sans-serif;\"><a style=\"color: #3366ff;\" href=\"https:\/\/wp.kommunikation-mv.de\/wp-content\/uploads\/2015\/11\/Flyer2.pdf\"><span style=\"font-size: 12pt;\"><span style=\"color: #3366ff;\">Flyer 2. UK Tag innen<\/span> <\/span><\/a><\/span><\/p>\n","protected":false},"excerpt":{"rendered":"<p>17.10.15 Hallbauer 1 17.10.15 Hallbauer 2 17.10.15 Hallbauer 3 Erfahrungsbericht der Schule am Amselsteg Sprechen lernen &#8211; elektronisch Vom unterst\u00fctzt Kommunizieren zum unterst\u00fctzt schreiben PECS Flyer 2. UK Tag au\u00dfen Flyer 2. UK Tag innen<\/p>\n","protected":false},"author":1,"featured_media":0,"parent":0,"menu_order":0,"comment_status":"closed","ping_status":"closed","template":"","meta":{"_themeisle_gutenberg_block_has_review":false,"footnotes":""},"class_list":["post-457","page","type-page","status-publish","hentry"],"_links":{"self":[{"href":"https:\/\/kommunikation-mv.de\/index.php?rest_route=\/wp\/v2\/pages\/457","targetHints":{"allow":["GET"]}}],"collection":[{"href":"https:\/\/kommunikation-mv.de\/index.php?rest_route=\/wp\/v2\/pages"}],"about":[{"href":"https:\/\/kommunikation-mv.de\/index.php?rest_route=\/wp\/v2\/types\/page"}],"author":[{"embeddable":true,"href":"https:\/\/kommunikation-mv.de\/index.php?rest_route=\/wp\/v2\/users\/1"}],"replies":[{"embeddable":true,"href":"https:\/\/kommunikation-mv.de\/index.php?rest_route=%2Fwp%2Fv2%2Fcomments&post=457"}],"version-history":[{"count":19,"href":"https:\/\/kommunikation-mv.de\/index.php?rest_route=\/wp\/v2\/pages\/457\/revisions"}],"predecessor-version":[{"id":625,"href":"https:\/\/kommunikation-mv.de\/index.php?rest_route=\/wp\/v2\/pages\/457\/revisions\/625"}],"wp:attachment":[{"href":"https:\/\/kommunikation-mv.de\/index.php?rest_route=%2Fwp%2Fv2%2Fmedia&parent=457"}],"curies":[{"name":"wp","href":"https:\/\/api.w.org\/{rel}","templated":true}]}}