{"id":762,"date":"2018-05-30T13:00:44","date_gmt":"2018-05-30T11:00:44","guid":{"rendered":"https:\/\/wp.kommunikation-mv.de\/?page_id=762"},"modified":"2018-05-30T13:15:20","modified_gmt":"2018-05-30T11:15:20","slug":"satzung","status":"publish","type":"page","link":"https:\/\/kommunikation-mv.de\/?page_id=762","title":{"rendered":"Satzung"},"content":{"rendered":"<p><span style=\"font-family: arial,helvetica,sans-serif; font-size: 14pt;\"><strong>Satzung <\/strong><\/span><\/p>\n<ul>\n<li><span style=\"font-family: arial,helvetica,sans-serif; font-size: 14pt;\"><strong> 1 (Name und Sitz)<\/strong><\/span><\/li>\n<\/ul>\n<p><span style=\"font-family: arial,helvetica,sans-serif; font-size: 14pt;\">Der <a href=\"http:\/\/www.justiz.nrw.de\/BS\/rechta_z\/V\/Verein\/index.php\">Verein<\/a> f\u00fchrt den Namen: Verein Unterst\u00fctze Kommunikation Mecklenburg Vorpommern.<\/span><\/p>\n<p><span style=\"font-family: arial,helvetica,sans-serif; font-size: 14pt;\">Er soll in das Vereinsregister eingetragen werden und tr\u00e4gt dann den Zusatz \u201e<a href=\"http:\/\/www.justiz.nrw.de\/BS\/rechta_z\/E\/e__V_\/index.php\">e.V\u201c .<\/a><\/span><\/p>\n<p><span style=\"font-family: arial,helvetica,sans-serif; font-size: 14pt;\">Der Sitz des Vereins ist Rostock.<\/span><\/p>\n<ul>\n<li><span style=\"font-family: arial,helvetica,sans-serif; font-size: 14pt;\"><strong> 2 (Gesch\u00e4ftsjahr)<\/strong><\/span><\/li>\n<\/ul>\n<p><span style=\"font-family: arial,helvetica,sans-serif; font-size: 14pt;\">Gesch\u00e4ftsjahr ist das Kalenderjahr.<\/span><\/p>\n<ul>\n<li><span style=\"font-family: arial,helvetica,sans-serif; font-size: 14pt;\"><strong> 3 (Zweck des Vereins)<\/strong><\/span><\/li>\n<\/ul>\n<p><span style=\"font-family: arial,helvetica,sans-serif; font-size: 14pt;\">Der Verein verfolgt ausschlie\u00dflich und unmittelbar &#8211; gemeinn\u00fctzige &#8211; mildt\u00e4tige &#8211; Zwecke im Sinne des Abschnitts &#8222;Steuerbeg\u00fcnstigte Zwecke&#8220; der Abgabenordnung.<\/span><\/p>\n<p><span style=\"font-family: arial,helvetica,sans-serif; font-size: 14pt;\">Zweck des Vereins ist die F\u00f6rderung und Unterst\u00fctzung hilfsbed\u00fcrftiger Personen, insbesondere die F\u00f6rderung und Unterst\u00fctzung von sprachbeeintr\u00e4chtigenden Menschen, insbesondere<\/span><\/p>\n<ul>\n<li><span style=\"font-family: arial,helvetica,sans-serif; font-size: 14pt;\">F\u00f6rderung der kommunikationsunterst\u00fctzenden Therapie<\/span><\/li>\n<li><span style=\"font-family: arial,helvetica,sans-serif; font-size: 14pt;\">Information und Aufkl\u00e4rung \u00fcber geeignete Hilfsmittel und p\u00e4dagogisch therapeutischen Ma\u00dfnahmen zur Erweiterung der kommunikativen M\u00f6glichkeiten<\/span><\/li>\n<li><span style=\"font-family: arial,helvetica,sans-serif; font-size: 14pt;\">Unterst\u00fctzung bei Antragstellung und diagnostischem Dienst<\/span><\/li>\n<li><span style=\"font-family: arial,helvetica,sans-serif; font-size: 14pt;\">Unterst\u00fctzung bei Einleitung der p\u00e4dagogisch therapeutischen Ma\u00dfnahmen<\/span><\/li>\n<li><span style=\"font-family: arial,helvetica,sans-serif; font-size: 14pt;\">Organisation von Nutzertreffen und Interessententreffen<\/span><\/li>\n<li><span style=\"font-family: arial,helvetica,sans-serif; font-size: 14pt;\">Durchf\u00fchrung wissenschaftlicher Veranstaltungen<\/span><\/li>\n<li><span style=\"font-family: arial,helvetica,sans-serif; font-size: 14pt;\">Schulung und Fortbildung sowie Austausch von und mit Fachpersonal<\/span><\/li>\n<li><span style=\"font-family: arial,helvetica,sans-serif; font-size: 14pt;\">Unterst\u00fctzung bei der Bildung von Regionalgruppen<\/span><\/li>\n<li><span style=\"font-family: arial,helvetica,sans-serif; font-size: 14pt;\">Koordination der logistischen, personellen und ideellen Bereiche<\/span><\/li>\n<\/ul>\n<p><span style=\"font-family: arial,helvetica,sans-serif; font-size: 14pt;\"><em>\u00a0<\/em><\/span><span style=\"font-family: arial,helvetica,sans-serif; font-size: 14pt;\">Der Satzungszweck wird verwirklicht insbesondere durch:<\/span><\/p>\n<ul>\n<li><span style=\"font-family: arial,helvetica,sans-serif; font-size: 14pt;\">Unterst\u00fctzung betroffener Personen und Familien<\/span><\/li>\n<li><span style=\"font-family: arial,helvetica,sans-serif; font-size: 14pt;\">Organisation und Koordination von therapeutischen Ma\u00dfnahmen<\/span><\/li>\n<li><span style=\"font-family: arial,helvetica,sans-serif; font-size: 14pt;\">Organisation von Fachkonferenzen<\/span><\/li>\n<li><span style=\"font-family: arial,helvetica,sans-serif; font-size: 14pt;\">Schaffung und Etablierung von Netzwerken von Multiplikatoren und Auskunftsstellen im Land MV<\/span><\/li>\n<li><span style=\"font-family: arial,helvetica,sans-serif; font-size: 14pt;\">Partnerschaften mit anderen Hilfsorganisationen<\/span><\/li>\n<li><span style=\"font-family: arial,helvetica,sans-serif; font-size: 14pt;\">Presse- und \u00d6ffentlichkeitsarbeit<\/span><\/li>\n<li><span style=\"font-family: arial,helvetica,sans-serif; font-size: 14pt;\">Aufkl\u00e4rung in Werkst\u00e4tten, Schulen, Kindertagesst\u00e4tten, Kliniken<\/span><\/li>\n<li><span style=\"font-family: arial,helvetica,sans-serif; font-size: 14pt;\">Nutzertreffen<\/span><\/li>\n<li><span style=\"font-family: arial,helvetica,sans-serif; font-size: 14pt;\">Expertenaustausch<\/span><\/li>\n<\/ul>\n<p><span style=\"font-family: arial,helvetica,sans-serif; font-size: 14pt;\">Der Verein darf sich zur Erf\u00fcllung seiner Aufgaben einer Hilfsperson im Sinne des \u00a7 57 Abs. 1 Satz 2 AO bedienen, soweit sie die Aufgaben nicht selbst wahrnehmen kann oder will.<\/span><\/p>\n<ul>\n<li><span style=\"font-family: arial,helvetica,sans-serif; font-size: 14pt;\"><strong> 4 (Selbstlose T\u00e4tigkeit)<\/strong><\/span><\/li>\n<\/ul>\n<p><span style=\"font-family: arial,helvetica,sans-serif; font-size: 14pt;\">Der Verein ist selbstlos t\u00e4tig; er verfolgt nicht in erster Linie eigenwirtschaftliche Zwecke.<\/span><\/p>\n<ul>\n<li><span style=\"font-family: arial,helvetica,sans-serif; font-size: 14pt;\"><strong> 5 (Mittelverwendung)<\/strong><\/span><\/li>\n<\/ul>\n<p><span style=\"font-family: arial,helvetica,sans-serif; font-size: 14pt;\">Mittel des Vereins d\u00fcrfen nur f\u00fcr die satzungsm\u00e4\u00dfigen Zwecke verwendet werden. Die Mitglieder erhalten keine Zuwendungen aus Mitteln des Vereins.<\/span><\/p>\n<ul>\n<li><span style=\"font-family: arial,helvetica,sans-serif; font-size: 14pt;\"><strong> 6 (Verbot von Beg\u00fcnstigungen)<\/strong><\/span><\/li>\n<\/ul>\n<p><span style=\"font-family: arial,helvetica,sans-serif; font-size: 14pt;\">Es darf keine Person durch Ausgaben, die dem Zweck der K\u00f6rperschaft fremd sind, oder durch unverh\u00e4ltnism\u00e4\u00dfig hohe Verg\u00fctungen beg\u00fcnstigt werden.<\/span><\/p>\n<ul>\n<li><span style=\"font-family: arial,helvetica,sans-serif; font-size: 14pt;\"><strong> 7 (Erwerb der Mitgliedschaft)<\/strong><\/span><\/li>\n<\/ul>\n<p><span style=\"font-family: arial,helvetica,sans-serif; font-size: 14pt;\">Vereinsmitglieder k\u00f6nnen <a href=\"http:\/\/www.justiz.nrw.de\/BS\/rechta_z\/N\/nat_rliche_Person\/index.php\">nat\u00fcrliche Person<\/a>en oder <a href=\"http:\/\/www.justiz.nrw.de\/BS\/rechta_z\/J\/juristische_Person\/index.php\">juristische Person<\/a>en werden.<\/span><\/p>\n<p><span style=\"font-family: arial,helvetica,sans-serif; font-size: 14pt;\">Der Aufnahmeantrag ist schriftlich zu stellen.<\/span><\/p>\n<p><span style=\"font-family: arial,helvetica,sans-serif; font-size: 14pt;\">\u00dcber den Aufnahmeantrag entscheidet der Vorstand.<\/span><\/p>\n<p><span style=\"font-family: arial,helvetica,sans-serif; font-size: 14pt;\">Gegen die Ablehnung, die keiner Begr\u00fcndung bedarf, steht dem\/der Bewerber\/in die Berufung an die Mitgliederversammlung zu, welche dann endg\u00fcltig entscheidet.<\/span><\/p>\n<ul>\n<li><span style=\"font-family: arial,helvetica,sans-serif; font-size: 14pt;\"><strong> 8 (Beendigung der Mitgliedschaft)<\/strong><\/span><\/li>\n<\/ul>\n<p><span style=\"font-family: arial,helvetica,sans-serif; font-size: 14pt;\">Die Mitgliedschaft endet durch Austritt, Ausschluss, Tod oder Aufl\u00f6sung der juristischen Person.<\/span><\/p>\n<p><span style=\"font-family: arial,helvetica,sans-serif; font-size: 14pt;\">Der Austritt erfolgt durch schriftliche Erkl\u00e4rung gegen\u00fcber einem vertretungsberechtigten Vorstandsmitglied. Die schriftliche Austrittserkl\u00e4rung muss mit einer Frist von einem Monat jeweils zum Ende des Gesch\u00e4ftsjahres gegen\u00fcber dem Vorstand erkl\u00e4rt werden.<\/span><\/p>\n<p><span style=\"font-family: arial,helvetica,sans-serif; font-size: 14pt;\">Ein Ausschluss kann nur aus wichtigem Grund erfolgen. Wichtige Gr\u00fcnde sind insbesondere ein die Vereinsziele sch\u00e4digendes Verhalten, die Verletzung satzungsm\u00e4\u00dfiger Pflichten oder Beitragsr\u00fcckst\u00e4nde von mindestens einem Jahr. \u00dcber den Ausschluss entscheidet der Vorstand. Gegen den Ausschluss steht dem Mitglied die Berufung an die Mitgliederversammlung zu, die schriftlich binnen eines Monats an den Vorstand zu richten ist. Die Mitgliederversammlung entscheidet im Rahmen des Vereins endg\u00fcltig. Dem Mitglied bleibt die \u00dcberpr\u00fcfung der Ma\u00dfnahme durch Anrufung der ordentlichen Gerichte vorbehalten. Die Anrufung eines ordentlichen Gerichts hat aufschiebende Wirkung bis zur Rechtskraft der gerichtlichen Entscheidung.<\/span><\/p>\n<ul>\n<li><span style=\"font-family: arial,helvetica,sans-serif; font-size: 14pt;\"><strong> 9 (Beitr\u00e4ge)<\/strong><\/span><\/li>\n<\/ul>\n<p><span style=\"font-family: arial,helvetica,sans-serif; font-size: 14pt;\">Von den Mitgliedern werden Beitr\u00e4ge erhoben. Die H\u00f6he der Beitr\u00e4ge und deren F\u00e4lligkeit bestimmt die Mitgliederversammlung.<\/span><\/p>\n<ul>\n<li><span style=\"font-family: arial,helvetica,sans-serif; font-size: 14pt;\"><strong> 10 (Organe des Vereins)<\/strong><\/span><\/li>\n<\/ul>\n<p><span style=\"font-family: arial,helvetica,sans-serif; font-size: 14pt;\">Organe des Vereins sind:<\/span><\/p>\n<p><span style=\"font-family: arial,helvetica,sans-serif; font-size: 14pt;\">die Mitgliederversammlung<\/span><\/p>\n<p><span style=\"font-family: arial,helvetica,sans-serif; font-size: 14pt;\">der Vorstand.<\/span><\/p>\n<ul>\n<li><span style=\"font-family: arial,helvetica,sans-serif; font-size: 14pt;\"><strong> 11 (Mitgliederversammlung)<\/strong><\/span><\/li>\n<\/ul>\n<p><span style=\"font-family: arial,helvetica,sans-serif; font-size: 14pt;\">Die Mitgliederversammlung ist das oberste Vereinsorgan. Zu ihren Aufgaben geh\u00f6ren insbesondere die Wahl und Abwahl des Vorstands, Entlastung des Vorstands, Entgegennahme der Berichte des Vorstandes, Wahl der Kassenpr\u00fcfern\/innen Festsetzung von Beitr\u00e4gen und deren F\u00e4lligkeit, Beschlussfassung \u00fcber die \u00c4nderung der Satzung, Beschlussfassung \u00fcber die Aufl\u00f6sung des Vereins, Entscheidung \u00fcber Aufnahme und Ausschluss von Mitgliedern in Berufungsf\u00e4llen sowie weitere Aufgaben, soweit sich diese aus der Satzung oder nach dem Gesetz ergeben.<\/span><\/p>\n<p><span style=\"font-family: arial,helvetica,sans-serif; font-size: 14pt;\">Im ersten Quartal eines jeden Gesch\u00e4ftsjahres findet eine ordentliche Mitgliederversammlung statt.<\/span><\/p>\n<p><span style=\"font-family: arial,helvetica,sans-serif; font-size: 14pt;\">Der Vorstand ist zur Einberufung einer au\u00dferordentlichen Mitgliederversammlung verpflichtet, wenn mindestens ein Drittel der Mitglieder dies schriftlich unter Angabe von Gr\u00fcnden verlangt.<\/span><\/p>\n<p><span style=\"font-family: arial,helvetica,sans-serif; font-size: 14pt;\">Die Mitgliederversammlung wird vom Vorstand unter Einhaltung einer Frist von einem Monat schriftlich unter Angabe der Tagesordnung einberufen. Die Frist beginnt mit dem auf die Absendung des Einladungsschreibens folgenden Tag. Das Einladungsschreiben gilt als den Mitgliedern zugegangen, wenn es an die letzte dem Verein bekannt gegebene Anschrift gerichtet war.<\/span><\/p>\n<p><span style=\"font-family: arial,helvetica,sans-serif; font-size: 14pt;\">Die Tagesordnung ist zu erg\u00e4nzen, wenn dies ein Mitglied bis sp\u00e4testens eine Woche vor dem angesetzten Termin schriftlich beantragt. Die Erg\u00e4nzung ist zu Beginn der Versammlung bekanntzumachen.<\/span><\/p>\n<p><span style=\"font-family: arial,helvetica,sans-serif; font-size: 14pt;\">Antr\u00e4ge \u00fcber die Abwahl des Vorstands, \u00fcber die \u00c4nderung der Satzung und \u00fcber die Aufl\u00f6sung des Vereins, die den Mitgliedern nicht bereits mit der Einladung zur Mitgliederversammlung zugegangen sind, k\u00f6nnen erst auf der n\u00e4chsten Mitgliederversammlung beschlossen werden.<\/span><\/p>\n<p><span style=\"font-family: arial,helvetica,sans-serif; font-size: 14pt;\">Die Mitgliederversammlung ist ohne R\u00fccksicht auf die Zahl der erschienenen Mitglieder beschlussf\u00e4hig.<\/span><\/p>\n<p><span style=\"font-family: arial,helvetica,sans-serif; font-size: 14pt;\">Die Mitgliederversammlung wird von einem Vorstandsmitglied geleitet.<\/span><\/p>\n<p><span style=\"font-family: arial,helvetica,sans-serif; font-size: 14pt;\">Zu Beginn der Mitgliederversammlung ist ein Schriftf\u00fchrer zu w\u00e4hlen.<\/span><\/p>\n<p><span style=\"font-family: arial,helvetica,sans-serif; font-size: 14pt;\">Jedes Mitglied hat eine Stimme. Das Stimmrecht kann nur pers\u00f6nlich oder f\u00fcr ein Mitglied unter Vorlage einer schriftlichen Vollmacht ausge\u00fcbt werden.<\/span><\/p>\n<p><span style=\"font-family: arial,helvetica,sans-serif; font-size: 14pt;\">Bei Abstimmungen entscheidet die einfache Mehrheit der abgegebenen Stimmen.<\/span><\/p>\n<p><span style=\"font-family: arial,helvetica,sans-serif; font-size: 14pt;\">Satzungs\u00e4nderungen und die Aufl\u00f6sung des Vereins k\u00f6nnen nur mit einer Mehrheit von 2\/3 der anwesenden Mitglieder beschlossen werden.<\/span><\/p>\n<p><span style=\"font-family: arial,helvetica,sans-serif; font-size: 14pt;\">Stimmenthaltungen und ung\u00fcltige Stimmen bleiben au\u00dfer Betracht.<\/span><\/p>\n<p><span style=\"font-family: arial,helvetica,sans-serif; font-size: 14pt;\">\u00dcber die Beschl\u00fcsse der Mitgliederversammlung ist ein Protokoll anzufertigen, das vom Versammlungsleiter und dem Schriftf\u00fchrer zu unterzeichnen ist.<\/span><\/p>\n<ul>\n<li><span style=\"font-family: arial,helvetica,sans-serif; font-size: 14pt;\"><strong> 12 (Vorstand)<\/strong><\/span><\/li>\n<\/ul>\n<p><span style=\"font-family: arial,helvetica,sans-serif; font-size: 14pt;\">Der Vorstand im Sinn des \u00a7 26 BGB besteht aus dem\/der 1. und 2. Vorsitzenden und dem\/der Kassierer\/in.<\/span><\/p>\n<p><span style=\"font-family: arial,helvetica,sans-serif; font-size: 14pt;\">Der erweiterte Vorstand kann aus bis zu f\u00fcnf weiteren Mitgliedern bestehen.<\/span><\/p>\n<p><span style=\"font-family: arial,helvetica,sans-serif; font-size: 14pt;\">Sie vertreten den Verein gerichtlich und au\u00dfergerichtlich. Zwei Vorstandsmitglieder vertreten gemeinsam.<\/span><\/p>\n<p><span style=\"font-family: arial,helvetica,sans-serif; font-size: 14pt;\">Der Vorstand wird von der Mitgliederversammlung auf die Dauer von zwei Jahren gew\u00e4hlt.<\/span><\/p>\n<p><span style=\"font-family: arial,helvetica,sans-serif; font-size: 14pt;\">Vorstandsmitglieder k\u00f6nnen nur Mitglieder des Vereins werden.<\/span><\/p>\n<p><span style=\"font-family: arial,helvetica,sans-serif; font-size: 14pt;\">Wiederwahl ist zul\u00e4ssig.<\/span><\/p>\n<p><span style=\"font-family: arial,helvetica,sans-serif; font-size: 14pt;\">Der Vorstand bleibt solange im Amt, bis ein neuer Vorstand gew\u00e4hlt ist.<\/span><\/p>\n<p><span style=\"font-family: arial,helvetica,sans-serif; font-size: 14pt;\">Bei Beendigung der Mitgliedschaft im Verein endet auch das Amt als Vorstand.<\/span><\/p>\n<ul>\n<li><span style=\"font-family: arial,helvetica,sans-serif; font-size: 14pt;\"><strong> 13 (Kassenpr\u00fcfung)<\/strong><\/span><\/li>\n<\/ul>\n<p><span style=\"font-family: arial,helvetica,sans-serif; font-size: 14pt;\">Die Mitgliederversammlung w\u00e4hlt f\u00fcr die Dauer von zwei Jahren eine\/n Kassenpr\u00fcfer\/in.<\/span><\/p>\n<p><span style=\"font-family: arial,helvetica,sans-serif; font-size: 14pt;\">Diese\/r darf nicht Mitglied des Vorstands sein.<\/span><\/p>\n<p><span style=\"font-family: arial,helvetica,sans-serif; font-size: 14pt;\">Wiederwahl ist zul\u00e4ssig.<\/span><\/p>\n<ul>\n<li><span style=\"font-family: arial,helvetica,sans-serif; font-size: 14pt;\"><strong> 14 (Aufl\u00f6sung des Vereins)<\/strong><\/span><\/li>\n<\/ul>\n<p><span style=\"font-family: arial,helvetica,sans-serif; font-size: 14pt;\">Bei Aufl\u00f6sung oder Aufhebung des Vereins oder bei Wegfall steuerbeg\u00fcnstigter Zwecke f\u00e4llt das Verm\u00f6gen des Vereins<\/span><\/p>\n<p><span style=\"font-family: arial,helvetica,sans-serif; font-size: 14pt;\">an &#8211; ISAAC- Gesellschaft f\u00fcr Unterst\u00fctzte Kommunikation e.V, der es unmittelbar und ausschlie\u00dflich f\u00fcr gemeinn\u00fctzige, mildt\u00e4tige oder kirchliche Zwecke zu verwenden hat.<\/span><\/p>\n<p><span style=\"font-family: arial,helvetica,sans-serif; font-size: 14pt;\">Rostock, 23.09.2013<\/span><\/p>\n<p><span style=\"font-family: arial,helvetica,sans-serif; font-size: 14pt;\">Unterschriften der Gr\u00fcndungsmitglieder (Beiblatt)<\/span><\/p>\n<p><span style=\"font-family: arial,helvetica,sans-serif; font-size: 14pt;\">Vorsitzende: Almuth von Lukas-Sterner<\/span><\/p>\n<p><span style=\"color: #3366ff; font-size: 12pt;\"><a style=\"color: #3366ff;\" href=\"https:\/\/wp.kommunikation-mv.de\/wp-content\/uploads\/2018\/05\/Satzung.pdf\">Satzung zum Download<\/a><\/span><\/p>\n","protected":false},"excerpt":{"rendered":"<p>Satzung 1 (Name und Sitz) Der Verein f\u00fchrt den Namen: Verein Unterst\u00fctze Kommunikation Mecklenburg Vorpommern. Er soll in das Vereinsregister eingetragen werden und tr\u00e4gt dann den Zusatz \u201ee.V\u201c . Der Sitz des Vereins ist Rostock. 2 (Gesch\u00e4ftsjahr) Gesch\u00e4ftsjahr ist das Kalenderjahr. 3 (Zweck des Vereins) Der Verein verfolgt ausschlie\u00dflich und unmittelbar &#8211; gemeinn\u00fctzige &#8211; mildt\u00e4tige [&hellip;]<\/p>\n","protected":false},"author":1,"featured_media":0,"parent":0,"menu_order":0,"comment_status":"closed","ping_status":"closed","template":"","meta":{"_themeisle_gutenberg_block_has_review":false,"footnotes":""},"class_list":["post-762","page","type-page","status-publish","hentry"],"_links":{"self":[{"href":"https:\/\/kommunikation-mv.de\/index.php?rest_route=\/wp\/v2\/pages\/762","targetHints":{"allow":["GET"]}}],"collection":[{"href":"https:\/\/kommunikation-mv.de\/index.php?rest_route=\/wp\/v2\/pages"}],"about":[{"href":"https:\/\/kommunikation-mv.de\/index.php?rest_route=\/wp\/v2\/types\/page"}],"author":[{"embeddable":true,"href":"https:\/\/kommunikation-mv.de\/index.php?rest_route=\/wp\/v2\/users\/1"}],"replies":[{"embeddable":true,"href":"https:\/\/kommunikation-mv.de\/index.php?rest_route=%2Fwp%2Fv2%2Fcomments&post=762"}],"version-history":[{"count":3,"href":"https:\/\/kommunikation-mv.de\/index.php?rest_route=\/wp\/v2\/pages\/762\/revisions"}],"predecessor-version":[{"id":766,"href":"https:\/\/kommunikation-mv.de\/index.php?rest_route=\/wp\/v2\/pages\/762\/revisions\/766"}],"wp:attachment":[{"href":"https:\/\/kommunikation-mv.de\/index.php?rest_route=%2Fwp%2Fv2%2Fmedia&parent=762"}],"curies":[{"name":"wp","href":"https:\/\/api.w.org\/{rel}","templated":true}]}}