{"id":81,"date":"2012-10-15T16:29:56","date_gmt":"2012-10-15T16:29:56","guid":{"rendered":"https:\/\/wp.kommunikation-mv.de\/?page_id=81"},"modified":"2024-11-02T10:48:29","modified_gmt":"2024-11-02T09:48:29","slug":"das-impressum","status":"publish","type":"page","link":"https:\/\/kommunikation-mv.de\/?page_id=81","title":{"rendered":"Impressum"},"content":{"rendered":"<p><span style=\"color: #000000; font-family: arial,helvetica,sans-serif; font-size: medium;\">Verantwortlich f\u00fcr den Inhalt:<\/span><\/p>\n<p><span style=\"color: #000000; font-family: arial,helvetica,sans-serif; font-size: medium;\">Netzwerk f\u00fcr Menschen mit Behindererungen und intressierte Menschen in MV<\/span><\/p>\n<p>&nbsp;<\/p>\n<p>Zur Mooskuhle 9a, 18059 Rostock<\/p>\n<p><span style=\"color: #3366ff; font-family: arial,helvetica,sans-serif; font-size: medium;\"><a href=\"mailto:info@kommunikation-mv.de\"><span style=\"color: #3366ff;\">info@kommunikation-mv.de<\/span><\/a><\/span><\/p>\n<p><span style=\"color: #000000; font-family: arial,helvetica,sans-serif; font-size: medium;\">Alle Rechte Vorbehalten.<\/span><\/p>\n<p><span style=\"color: #000000; font-family: arial,helvetica,sans-serif; font-size: medium;\">Texte; Bilder, Grafiken und Animationen sowie deren Anordnung unterliegen dem Schutz des Urheberrechts. Die Inhalte werden Internetnutzern ausschlie\u00dflich zum privaten Gebrauch zur Verf\u00fcgung gestellt. Jeder gewerbliche Inhalte ist unzul\u00e4ssig.<\/span><\/p>\n<p><span style=\"color: #000000; font-family: arial,helvetica,sans-serif; font-size: medium;\">Disclaimer: Mit Urteil vom 12. Mai 1998 -312 0 85\/- hat das Landgericht (LG) Hamburg entschieden, dass man durch die Anbringung eines Links die Inhalte der gelinkten Seite ggf. mit verantwortet. Hiermit distanzieren wir uns daher ausdr\u00fccklich von allen Inhalten aller gelinkten Seiten auf unserer Homepage und machen uns diese Inhalte nicht zu eigenen.<\/span><\/p>\n","protected":false},"excerpt":{"rendered":"<p>Verantwortlich f\u00fcr den Inhalt: Netzwerk f\u00fcr Menschen mit Behindererungen und intressierte Menschen in MV &nbsp; Zur Mooskuhle 9a, 18059 Rostock info@kommunikation-mv.de Alle Rechte Vorbehalten. Texte; Bilder, Grafiken und Animationen sowie deren Anordnung unterliegen dem Schutz des Urheberrechts. Die Inhalte werden Internetnutzern ausschlie\u00dflich zum privaten Gebrauch zur Verf\u00fcgung gestellt. Jeder gewerbliche Inhalte ist unzul\u00e4ssig. Disclaimer: Mit [&hellip;]<\/p>\n","protected":false},"author":1,"featured_media":0,"parent":0,"menu_order":0,"comment_status":"closed","ping_status":"closed","template":"","meta":{"_themeisle_gutenberg_block_has_review":false,"footnotes":""},"class_list":["post-81","page","type-page","status-publish","hentry"],"_links":{"self":[{"href":"https:\/\/kommunikation-mv.de\/index.php?rest_route=\/wp\/v2\/pages\/81","targetHints":{"allow":["GET"]}}],"collection":[{"href":"https:\/\/kommunikation-mv.de\/index.php?rest_route=\/wp\/v2\/pages"}],"about":[{"href":"https:\/\/kommunikation-mv.de\/index.php?rest_route=\/wp\/v2\/types\/page"}],"author":[{"embeddable":true,"href":"https:\/\/kommunikation-mv.de\/index.php?rest_route=\/wp\/v2\/users\/1"}],"replies":[{"embeddable":true,"href":"https:\/\/kommunikation-mv.de\/index.php?rest_route=%2Fwp%2Fv2%2Fcomments&post=81"}],"version-history":[{"count":9,"href":"https:\/\/kommunikation-mv.de\/index.php?rest_route=\/wp\/v2\/pages\/81\/revisions"}],"predecessor-version":[{"id":1649,"href":"https:\/\/kommunikation-mv.de\/index.php?rest_route=\/wp\/v2\/pages\/81\/revisions\/1649"}],"wp:attachment":[{"href":"https:\/\/kommunikation-mv.de\/index.php?rest_route=%2Fwp%2Fv2%2Fmedia&parent=81"}],"curies":[{"name":"wp","href":"https:\/\/api.w.org\/{rel}","templated":true}]}}